{"id":2015,"date":"2022-12-02T10:35:09","date_gmt":"2022-12-02T10:35:09","guid":{"rendered":"https:\/\/psicologiaanagarciarey.com\/?page_id=2015"},"modified":"2023-01-18T11:14:25","modified_gmt":"2023-01-18T11:14:25","slug":"blog","status":"publish","type":"page","link":"https:\/\/psicologiaanagarciarey.com\/index.php\/blog\/","title":{"rendered":"Blog"},"content":{"rendered":"<p>[et_pb_section fb_built=\u00bb1&#8243; custom_padding_last_edited=\u00bbon|desktop\u00bb _builder_version=\u00bb4.19.1&#8243; positioning=\u00bbnone\u00bb custom_padding=\u00bb|200px||200px|false|false\u00bb custom_padding_tablet=\u00bb|||0px|false|false\u00bb custom_padding_phone=\u00bb|0px||0px|false|false\u00bb bottom_divider_height=\u00bb0px\u00bb border_width_bottom=\u00bb1px\u00bb border_color_bottom=\u00bb#efefef\u00bb global_colors_info=\u00bb{}\u00bb][et_pb_row column_structure=\u00bb1_2,1_2&#8243; _builder_version=\u00bb4.19.0&#8243; width=\u00bb100%\u00bb max_width=\u00bb100%\u00bb custom_margin=\u00bb|||\u00bb custom_margin_tablet=\u00bb||0px|\u00bb custom_margin_phone=\u00bb\u00bb custom_margin_last_edited=\u00bbon|desktop\u00bb custom_padding=\u00bb0||||false|false\u00bb use_custom_width=\u00bbon\u00bb width_unit=\u00bboff\u00bb custom_width_percent=\u00bb100%\u00bb global_colors_info=\u00bb{}\u00bb][et_pb_column type=\u00bb1_2&#8243; _builder_version=\u00bb4.16&#8243; custom_padding=\u00bb|||\u00bb custom_padding_tablet=\u00bb50px|50px|50px|50px\u00bb custom_padding_phone=\u00bb50px|50px|50px|50px\u00bb custom_padding_last_edited=\u00bbon|tablet\u00bb global_colors_info=\u00bb{}\u00bb padding_tablet=\u00bb50px|50px|50px|50px\u00bb padding_last_edited=\u00bbon|tablet\u00bb custom_padding__hover=\u00bb|||\u00bb padding_phone=\u00bb50px|50px|50px|50px\u00bb][et_pb_image _builder_version=\u00bb4.19.1&#8243; always_center_on_mobile=\u00bboff\u00bb global_colors_info=\u00bb{}\u00bb][\/et_pb_image][et_pb_text _builder_version=\u00bb4.19.2&#8243; text_font=\u00bbMontserrat|300|||||||\u00bb text_text_color=\u00bb#677a92&#8243; text_font_size=\u00bb16px\u00bb text_line_height=\u00bb1.8em\u00bb header_font=\u00bbMontserrat||||||||\u00bb header_font_size=\u00bb50px\u00bb header_line_height=\u00bb1.3em\u00bb header_2_font=\u00bb||||||||\u00bb max_width=\u00bb600px\u00bb custom_margin=\u00bb|||\u00bb custom_margin_tablet=\u00bb0px|50px||50px\u00bb custom_margin_phone=\u00bb|20px||\u00bb custom_margin_last_edited=\u00bboff|desktop\u00bb custom_padding=\u00bb|||\u00bb text_line_height_tablet=\u00bb1.8em\u00bb text_line_height_phone=\u00bb1.8em\u00bb text_line_height_last_edited=\u00bbon|phone\u00bb header_font_size_tablet=\u00bb\u00bb header_font_size_phone=\u00bb36px\u00bb header_font_size_last_edited=\u00bbon|phone\u00bb header_2_font_size_phone=\u00bb30px\u00bb header_2_font_size_last_edited=\u00bboff|desktop\u00bb locked=\u00bboff\u00bb global_colors_info=\u00bb{}\u00bb]<\/p>\n<h1>Mi blog<\/h1>\n<p>[\/et_pb_text][et_pb_text _builder_version=\u00bb4.19.2&#8243; text_font=\u00bbMontserrat|300|||||||\u00bb text_font_size=\u00bb16px\u00bb text_line_height=\u00bb2em\u00bb link_font=\u00bb||||||||\u00bb ul_font=\u00bb||||||||\u00bb ol_font=\u00bb||||||||\u00bb quote_font=\u00bb||||||||\u00bb header_font=\u00bb||||||||\u00bb header_2_font=\u00bbMontserrat|300|||||||\u00bb header_2_text_color=\u00bb#212d3b\u00bb header_2_font_size=\u00bb40px\u00bb header_2_line_height=\u00bb1.5em\u00bb max_width=\u00bb600px\u00bb custom_margin=\u00bb||10px|\u00bb custom_margin_tablet=\u00bb0px|50px||50px\u00bb custom_margin_last_edited=\u00bboff|desktop\u00bb custom_padding=\u00bb|||\u00bb locked=\u00bboff\u00bb global_colors_info=\u00bb{}\u00bb]<\/p>\n<p>En esta secci\u00f3n, podr\u00e1s ver art\u00edculos escritos por Ana Garc\u00eda Rey<\/p>\n<p>[\/et_pb_text][\/et_pb_column][et_pb_column type=\u00bb1_2&#8243; _builder_version=\u00bb4.16&#8243; custom_padding=\u00bb|||\u00bb global_colors_info=\u00bb{}\u00bb custom_padding__hover=\u00bb|||\u00bb][et_pb_image src=\u00bbhttps:\/\/psicologiaanagarciarey.com\/wp-content\/uploads\/2023\/01\/Diseno-sin-titulo-2023-01-18T121405.077.png\u00bb title_text=\u00bbDise\u00f1o sin t\u00edtulo &#8211; 2023-01-18T121405.077&#8243; force_fullwidth=\u00bbon\u00bb align_tablet=\u00bbcenter\u00bb align_phone=\u00bbcenter\u00bb align_last_edited=\u00bbon|desktop\u00bb _builder_version=\u00bb4.19.4&#8243; custom_margin=\u00bb|||\u00bb custom_padding=\u00bb|||\u00bb animation_style=\u00bbslide\u00bb animation_direction=\u00bbtop\u00bb animation_intensity_slide=\u00bb5%\u00bb hover_enabled=\u00bb0&#8243; border_radii=\u00bb|20vw|||30px\u00bb border_color_all=\u00bb#b7caef\u00bb border_width_left=\u00bb2vw\u00bb box_shadow_style=\u00bbpreset4&#8243; box_shadow_horizontal=\u00bb-30px\u00bb box_shadow_vertical=\u00bb0px\u00bb box_shadow_color=\u00bbrgba(183,202,239,0.49)\u00bb global_colors_info=\u00bb{}\u00bb sticky_enabled=\u00bb0&#8243;][\/et_pb_image][\/et_pb_column][\/et_pb_row][\/et_pb_section][et_pb_section fb_built=\u00bb1&#8243; custom_padding_last_edited=\u00bbon|desktop\u00bb _builder_version=\u00bb4.19.1&#8243; positioning=\u00bbnone\u00bb custom_padding=\u00bb|200px||200px|false|false\u00bb custom_padding_tablet=\u00bb|||0px|false|false\u00bb custom_padding_phone=\u00bb|0px||0px|false|false\u00bb bottom_divider_height=\u00bb0px\u00bb border_width_bottom=\u00bb1px\u00bb border_color_bottom=\u00bb#efefef\u00bb global_colors_info=\u00bb{}\u00bb][et_pb_row _builder_version=\u00bb4.19.2&#8243; _module_preset=\u00bbdefault\u00bb global_colors_info=\u00bb{}\u00bb][et_pb_column type=\u00bb4_4&#8243; _builder_version=\u00bb4.19.2&#8243; _module_preset=\u00bbdefault\u00bb global_colors_info=\u00bb{}\u00bb][et_pb_blog fullwidth=\u00bboff\u00bb posts_number=\u00bb9&#8243; include_categories=\u00bball\u00bb show_more=\u00bbon\u00bb show_author=\u00bboff\u00bb _builder_version=\u00bb4.19.2&#8243; _module_preset=\u00bbdefault\u00bb global_colors_info=\u00bb{}\u00bb][\/et_pb_blog][\/et_pb_column][\/et_pb_row][\/et_pb_section]<\/p>\n","protected":false},"excerpt":{"rendered":"<p>Mi blogEn esta secci\u00f3n, podr\u00e1s ver art\u00edculos escritos por Ana Garc\u00eda Rey<\/p>\n","protected":false},"author":4,"featured_media":0,"parent":0,"menu_order":0,"comment_status":"closed","ping_status":"closed","template":"","meta":{"_et_pb_use_builder":"on","_et_pb_old_content":"","_et_gb_content_width":"","_joinchat":[],"footnotes":""},"class_list":["post-2015","page","type-page","status-publish","hentry"],"yoast_head":"<!-- This site is optimized with the Yoast SEO plugin v27.4 - https:\/\/yoast.com\/product\/yoast-seo-wordpress\/ -->\n<title>Blog - Consulta de Psicolog\u00eda Ana Garc\u00eda Rey<\/title>\n<meta name=\"description\" content=\"En esta secci\u00f3n, podr\u00e1s ver art\u00edculos escritos por Ana Garc\u00eda Rey\" \/>\n<meta name=\"robots\" content=\"index, follow, max-snippet:-1, max-image-preview:large, max-video-preview:-1\" \/>\n<link rel=\"canonical\" href=\"https:\/\/psicologiaanagarciarey.com\/index.php\/blog\/\" \/>\n<meta property=\"og:locale\" content=\"es_ES\" \/>\n<meta property=\"og:type\" content=\"article\" \/>\n<meta property=\"og:title\" content=\"Blog - Consulta de Psicolog\u00eda Ana Garc\u00eda Rey\" \/>\n<meta property=\"og:description\" content=\"En esta secci\u00f3n, podr\u00e1s ver art\u00edculos escritos por Ana Garc\u00eda Rey\" \/>\n<meta property=\"og:url\" content=\"https:\/\/psicologiaanagarciarey.com\/index.php\/blog\/\" \/>\n<meta property=\"og:site_name\" content=\"Consulta de Psicolog\u00eda Ana Garc\u00eda Rey\" \/>\n<meta property=\"article:modified_time\" content=\"2023-01-18T11:14:25+00:00\" \/>\n<meta name=\"twitter:card\" content=\"summary_large_image\" \/>\n<meta name=\"twitter:label1\" content=\"Tiempo de lectura\" \/>\n\t<meta name=\"twitter:data1\" content=\"3 minutos\" \/>\n<script type=\"application\/ld+json\" class=\"yoast-schema-graph\">{\"@context\":\"https:\\\/\\\/schema.org\",\"@graph\":[{\"@type\":\"WebPage\",\"@id\":\"https:\\\/\\\/psicologiaanagarciarey.com\\\/index.php\\\/blog\\\/\",\"url\":\"https:\\\/\\\/psicologiaanagarciarey.com\\\/index.php\\\/blog\\\/\",\"name\":\"Blog - Consulta de Psicolog\u00eda Ana Garc\u00eda Rey\",\"isPartOf\":{\"@id\":\"https:\\\/\\\/psicologiaanagarciarey.com\\\/#website\"},\"datePublished\":\"2022-12-02T10:35:09+00:00\",\"dateModified\":\"2023-01-18T11:14:25+00:00\",\"description\":\"En esta secci\u00f3n, podr\u00e1s ver art\u00edculos escritos por Ana Garc\u00eda Rey\",\"breadcrumb\":{\"@id\":\"https:\\\/\\\/psicologiaanagarciarey.com\\\/index.php\\\/blog\\\/#breadcrumb\"},\"inLanguage\":\"es\",\"potentialAction\":[{\"@type\":\"ReadAction\",\"target\":[\"https:\\\/\\\/psicologiaanagarciarey.com\\\/index.php\\\/blog\\\/\"]}]},{\"@type\":\"BreadcrumbList\",\"@id\":\"https:\\\/\\\/psicologiaanagarciarey.com\\\/index.php\\\/blog\\\/#breadcrumb\",\"itemListElement\":[{\"@type\":\"ListItem\",\"position\":1,\"name\":\"Portada\",\"item\":\"https:\\\/\\\/psicologiaanagarciarey.com\\\/\"},{\"@type\":\"ListItem\",\"position\":2,\"name\":\"Blog\"}]},{\"@type\":\"WebSite\",\"@id\":\"https:\\\/\\\/psicologiaanagarciarey.com\\\/#website\",\"url\":\"https:\\\/\\\/psicologiaanagarciarey.com\\\/\",\"name\":\"Consulta de Psicolog\u00eda General Sanitaria Ana Garc\u00eda Rey\",\"description\":\"Terapia en A Coru\u00f1a\",\"publisher\":{\"@id\":\"https:\\\/\\\/psicologiaanagarciarey.com\\\/#\\\/schema\\\/person\\\/5107e05ee4f10b9f73f392f63a6ecd82\"},\"potentialAction\":[{\"@type\":\"SearchAction\",\"target\":{\"@type\":\"EntryPoint\",\"urlTemplate\":\"https:\\\/\\\/psicologiaanagarciarey.com\\\/?s={search_term_string}\"},\"query-input\":{\"@type\":\"PropertyValueSpecification\",\"valueRequired\":true,\"valueName\":\"search_term_string\"}}],\"inLanguage\":\"es\"},{\"@type\":[\"Person\",\"Organization\"],\"@id\":\"https:\\\/\\\/psicologiaanagarciarey.com\\\/#\\\/schema\\\/person\\\/5107e05ee4f10b9f73f392f63a6ecd82\",\"name\":\"Ana Garc\u00eda Rey\",\"image\":{\"@type\":\"ImageObject\",\"inLanguage\":\"es\",\"@id\":\"https:\\\/\\\/psicologiaanagarciarey.com\\\/wp-content\\\/uploads\\\/2022\\\/11\\\/WhatsApp-Image-2022-11-24-at-12.17.29-PM.jpeg\",\"url\":\"https:\\\/\\\/psicologiaanagarciarey.com\\\/wp-content\\\/uploads\\\/2022\\\/11\\\/WhatsApp-Image-2022-11-24-at-12.17.29-PM.jpeg\",\"contentUrl\":\"https:\\\/\\\/psicologiaanagarciarey.com\\\/wp-content\\\/uploads\\\/2022\\\/11\\\/WhatsApp-Image-2022-11-24-at-12.17.29-PM.jpeg\",\"width\":500,\"height\":500,\"caption\":\"Ana Garc\u00eda Rey\"},\"logo\":{\"@id\":\"https:\\\/\\\/psicologiaanagarciarey.com\\\/wp-content\\\/uploads\\\/2022\\\/11\\\/WhatsApp-Image-2022-11-24-at-12.17.29-PM.jpeg\"},\"sameAs\":[\"https:\\\/\\\/psicologiaanagarciarey.com\"]}]}<\/script>\n<!-- \/ Yoast SEO plugin. -->","yoast_head_json":{"title":"Blog - Consulta de Psicolog\u00eda Ana Garc\u00eda Rey","description":"En esta secci\u00f3n, podr\u00e1s ver art\u00edculos escritos por Ana Garc\u00eda Rey","robots":{"index":"index","follow":"follow","max-snippet":"max-snippet:-1","max-image-preview":"max-image-preview:large","max-video-preview":"max-video-preview:-1"},"canonical":"https:\/\/psicologiaanagarciarey.com\/index.php\/blog\/","og_locale":"es_ES","og_type":"article","og_title":"Blog - Consulta de Psicolog\u00eda Ana Garc\u00eda Rey","og_description":"En esta secci\u00f3n, podr\u00e1s ver art\u00edculos escritos por Ana Garc\u00eda Rey","og_url":"https:\/\/psicologiaanagarciarey.com\/index.php\/blog\/","og_site_name":"Consulta de Psicolog\u00eda Ana Garc\u00eda Rey","article_modified_time":"2023-01-18T11:14:25+00:00","twitter_card":"summary_large_image","twitter_misc":{"Tiempo de lectura":"3 minutos"},"schema":{"@context":"https:\/\/schema.org","@graph":[{"@type":"WebPage","@id":"https:\/\/psicologiaanagarciarey.com\/index.php\/blog\/","url":"https:\/\/psicologiaanagarciarey.com\/index.php\/blog\/","name":"Blog - Consulta de Psicolog\u00eda Ana Garc\u00eda Rey","isPartOf":{"@id":"https:\/\/psicologiaanagarciarey.com\/#website"},"datePublished":"2022-12-02T10:35:09+00:00","dateModified":"2023-01-18T11:14:25+00:00","description":"En esta secci\u00f3n, podr\u00e1s ver art\u00edculos escritos por Ana Garc\u00eda Rey","breadcrumb":{"@id":"https:\/\/psicologiaanagarciarey.com\/index.php\/blog\/#breadcrumb"},"inLanguage":"es","potentialAction":[{"@type":"ReadAction","target":["https:\/\/psicologiaanagarciarey.com\/index.php\/blog\/"]}]},{"@type":"BreadcrumbList","@id":"https:\/\/psicologiaanagarciarey.com\/index.php\/blog\/#breadcrumb","itemListElement":[{"@type":"ListItem","position":1,"name":"Portada","item":"https:\/\/psicologiaanagarciarey.com\/"},{"@type":"ListItem","position":2,"name":"Blog"}]},{"@type":"WebSite","@id":"https:\/\/psicologiaanagarciarey.com\/#website","url":"https:\/\/psicologiaanagarciarey.com\/","name":"Consulta de Psicolog\u00eda General Sanitaria Ana Garc\u00eda Rey","description":"Terapia en A Coru\u00f1a","publisher":{"@id":"https:\/\/psicologiaanagarciarey.com\/#\/schema\/person\/5107e05ee4f10b9f73f392f63a6ecd82"},"potentialAction":[{"@type":"SearchAction","target":{"@type":"EntryPoint","urlTemplate":"https:\/\/psicologiaanagarciarey.com\/?s={search_term_string}"},"query-input":{"@type":"PropertyValueSpecification","valueRequired":true,"valueName":"search_term_string"}}],"inLanguage":"es"},{"@type":["Person","Organization"],"@id":"https:\/\/psicologiaanagarciarey.com\/#\/schema\/person\/5107e05ee4f10b9f73f392f63a6ecd82","name":"Ana Garc\u00eda Rey","image":{"@type":"ImageObject","inLanguage":"es","@id":"https:\/\/psicologiaanagarciarey.com\/wp-content\/uploads\/2022\/11\/WhatsApp-Image-2022-11-24-at-12.17.29-PM.jpeg","url":"https:\/\/psicologiaanagarciarey.com\/wp-content\/uploads\/2022\/11\/WhatsApp-Image-2022-11-24-at-12.17.29-PM.jpeg","contentUrl":"https:\/\/psicologiaanagarciarey.com\/wp-content\/uploads\/2022\/11\/WhatsApp-Image-2022-11-24-at-12.17.29-PM.jpeg","width":500,"height":500,"caption":"Ana Garc\u00eda Rey"},"logo":{"@id":"https:\/\/psicologiaanagarciarey.com\/wp-content\/uploads\/2022\/11\/WhatsApp-Image-2022-11-24-at-12.17.29-PM.jpeg"},"sameAs":["https:\/\/psicologiaanagarciarey.com"]}]}},"_links":{"self":[{"href":"https:\/\/psicologiaanagarciarey.com\/index.php\/wp-json\/wp\/v2\/pages\/2015","targetHints":{"allow":["GET"]}}],"collection":[{"href":"https:\/\/psicologiaanagarciarey.com\/index.php\/wp-json\/wp\/v2\/pages"}],"about":[{"href":"https:\/\/psicologiaanagarciarey.com\/index.php\/wp-json\/wp\/v2\/types\/page"}],"author":[{"embeddable":true,"href":"https:\/\/psicologiaanagarciarey.com\/index.php\/wp-json\/wp\/v2\/users\/4"}],"replies":[{"embeddable":true,"href":"https:\/\/psicologiaanagarciarey.com\/index.php\/wp-json\/wp\/v2\/comments?post=2015"}],"version-history":[{"count":6,"href":"https:\/\/psicologiaanagarciarey.com\/index.php\/wp-json\/wp\/v2\/pages\/2015\/revisions"}],"predecessor-version":[{"id":2163,"href":"https:\/\/psicologiaanagarciarey.com\/index.php\/wp-json\/wp\/v2\/pages\/2015\/revisions\/2163"}],"wp:attachment":[{"href":"https:\/\/psicologiaanagarciarey.com\/index.php\/wp-json\/wp\/v2\/media?parent=2015"}],"curies":[{"name":"wp","href":"https:\/\/api.w.org\/{rel}","templated":true}]}}