{"id":1550,"date":"2021-07-21T15:35:24","date_gmt":"2021-07-21T15:35:24","guid":{"rendered":"https:\/\/psicologiaanagarciarey.com\/?page_id=1550"},"modified":"2022-08-23T15:51:02","modified_gmt":"2022-08-23T15:51:02","slug":"politica-de-privacidad","status":"publish","type":"page","link":"https:\/\/psicologiaanagarciarey.com\/index.php\/politica-de-privacidad\/","title":{"rendered":"Aviso Legal &#8211; Pol\u00edtica de Privacidad"},"content":{"rendered":"<ol>\n<li><b><\/b><strong><b>Datos Identificativos<\/b><\/strong><\/li>\n<\/ol>\n<p>ANA GARCIA REY, titular del dominio web www\u00a0psicologiaanagarciarey.com \u00a0con domicilio a estos efectos en C\/ Alfonso Rodr\u00edguez Castelao, 6, Bajo Izquierda- 15011 &#8211; A CORU\u00d1A, n\u00famero de C.I.F.: 47363069C, y correo electr\u00f3nico de contacto: <a href=\"mailto:info@psicologiaanagarciarey.com\"><u>info@psicologiaanagarciarey.com<\/u><\/a><\/p>\n<p>Esta p\u00e1gina web est\u00e1 relacionada con mi actividad como Psic\u00f3loga General Sanitaria con n\u00ba col. G-6417<\/p>\n<ol start=\"2\">\n<li><b><\/b><strong><b>Protecci\u00f3n de Datos<\/b><\/strong><\/li>\n<\/ol>\n<p>ANA GARCIA REY,\u00a0en cumplimiento de la <u>Ley Org\u00e1nica 3\/2018, de 5 de diciembre, de Protecci\u00f3n de Datos Personales y garant\u00eda de los derechos digitale<\/u>s,\u00a0y el <u>RGPD<\/u>, \u00a0vela por garantizar un correcto uso y tratamiento de los datos personales de quien navegue en esta web.<\/p>\n<p>Para ello, junto a cada formulario de recabo de datos de car\u00e1cter personal, en los servicios que cada usuario\/a pueda solicitar a ANA GARCIA REY, har\u00e1 saber a dicha persona de la existencia y aceptaci\u00f3n de las condiciones particulares del tratamiento de sus datos en cada caso, inform\u00e1ndole de la responsabilidad del fichero creado, la direcci\u00f3n del responsable, la posibilidad de ejercer sus derechos, la finalidad del tratamiento y las comunicaciones de datos a terceros en su caso.<\/p>\n<ol start=\"3\">\n<li><b><\/b><strong><b>Cookies <\/b><\/strong><\/li>\n<\/ol>\n<p>Asimismo, ANA GARCIA REY\u00a0informa que da cumplimiento a la <u>Ley 34\/2002 de 11 de julio, de Servicios de la Sociedad de la Informaci\u00f3n y el Comercio Electr\u00f3nico<\/u>\u00a0y le solicitar\u00e1 su <strong><b>consentimiento expreso<\/b><\/strong>\u00a0al tratamiento de su correo electr\u00f3nico con fines comerciales en cada momento, uso de Cookies y del fichero de actividad.<\/p>\n<p>El prestador por su propia cuenta o la de un tercero contratado para la prestaci\u00f3n de servicios de medici\u00f3n, pueden utilizar cookies cuando un usuario navega por el sitio web. Las cookies son ficheros enviados al navegador por medio de un servidor web con la finalidad de registrar las actividades del usuario durante su tiempo de navegaci\u00f3n.<\/p>\n<p>Las cookies utilizadas por el sitio web se asocian \u00fanicamente con un usuario an\u00f3nimo y su ordenador, y no proporcionan por s\u00ed mismas los datos personales del usuario.<\/p>\n<p>Mediante el uso de las cookies resulta posible que el servidor donde se encuentra la web, reconozca el navegador web utilizado por el usuario con la finalidad de que la navegaci\u00f3n sea m\u00e1s sencilla, permitiendo, por ejemplo, el acceso a los usuarios que se hayan registrado previamente, acceder a las \u00e1reas, servicios, promociones o concursos reservados exclusivamente a ellos sin tener que registrarse en cada visita.<\/p>\n<p>Se utilizan tambi\u00e9n para medir la audiencia y par\u00e1metros del tr\u00e1fico, controlar el progreso y n\u00famero de entradas. El usuario tiene la posibilidad de configurar su navegador para ser avisado de la recepci\u00f3n de cookies y para impedir su instalaci\u00f3n en su equipo. Por favor, consulte las instrucciones y manuales de su navegador para ampliar esta informaci\u00f3n.<\/p>\n<p>Para utilizar el sitio web, no resulta necesario que el usuario permita la instalaci\u00f3n de las cookies enviadas por el sitio web, o el tercero que act\u00fae en su nombre, sin perjuicio de que sea necesario que el usuario inicie una sesi\u00f3n como tal en cada uno de los servicios cuya prestaci\u00f3n requiera el previo registro o &#8216;login&#8217;.<\/p>\n<p>Las cookies utilizadas en este sitio web tienen, en todo caso, car\u00e1cter temporal con la \u00fanica finalidad de hacer m\u00e1s eficaz su transmisi\u00f3n ulterior. En ning\u00fan caso se utilizar\u00e1n las cookies para recoger informaci\u00f3n de car\u00e1cter personal.<\/p>\n<p>&nbsp;<\/p>\n<ol start=\"4\">\n<li><b><\/b><strong><b>Direcciones IP<\/b><\/strong><\/li>\n<\/ol>\n<p>&nbsp;<\/p>\n<p>Los servidores del sitio web podr\u00e1n detectar de manera autom\u00e1tica la direcci\u00f3n IP y el nombre de dominio utilizados por la persona usuaria.<\/p>\n<p>Una direcci\u00f3n IP es un n\u00famero asignado autom\u00e1ticamente a un ordenador cuando \u00e9sta se conecta a Internet. Toda esta informaci\u00f3n es registrada en un fichero de actividad del servidor debidamente inscrito que permite el posterior procesamiento de los datos con el fin de obtener mediciones \u00fanicamente estad\u00edsticas que permitan conocer el n\u00famero de impresiones de p\u00e1ginas, el n\u00famero de visitas realizadas a los servicios web, el orden de visitas, el punto de acceso, etc.<\/p>\n<p><strong><b>\u00a0<\/b><\/strong><\/p>\n<ol start=\"5\">\n<li><b><\/b><strong><b>Seguridad<\/b><\/strong><\/li>\n<\/ol>\n<p>&nbsp;<\/p>\n<p>El sitio web utiliza t\u00e9cnicas de seguridad de la informaci\u00f3n generalmente aceptadas en la industria, tales como firewalls, procedimientos de control de acceso y mecanismos criptogr\u00e1ficos, todo ello con el objeto de evitar un acceso no autorizado a los datos.<\/p>\n<p>Para lograr estos fines, la persona usuaria \/ cliente <strong><b>acepta expresamente<\/b><\/strong>\u00a0que el prestador obtenga datos para efectos de la correspondiente autenticaci\u00f3n de los controles de acceso.<\/p>\n<p>Todo proceso de contrataci\u00f3n o que conlleve la introducci\u00f3n de datos personales de categor\u00eda especial como datos de salud, ideolog\u00eda, etc. ser\u00e1n siempre transmitidos mediante protocolo de comunicaci\u00f3n segura <strong><b>(Https:\/\/,&#8230;)<\/b><\/strong>, de tal forma que ninguna tercera persona tenga acceso a la informaci\u00f3n transmitida v\u00eda electr\u00f3nica.<\/p>\n<p><strong><b>\u00a0<\/b><\/strong><\/p>\n<ol start=\"6\">\n<li><b><\/b><strong><b> Menores de edad<\/b><\/strong><\/li>\n<\/ol>\n<p>&nbsp;<\/p>\n<p>Una persona MENOR de 14 a\u00f1os no deber\u00e1 ceder sus datos personales a ANA GARCIA REY, sin el previo consentimiento de su padre, madre o tutor\/a legal.<\/p>\n<p>Con la publicaci\u00f3n del RGPD, se prev\u00e9 la determinaci\u00f3n de la edad para consentir la cesi\u00f3n de datos personales entre los 16 y 13 a\u00f1os, en Espa\u00f1a desde la entrada en vigor de la LOPD-GDD se fija en 14 a\u00f1os.<\/p>\n<p>&nbsp;<\/p>\n<p>En caso de que ANA GARCIA REY detecte usuarios\/as en la web que pudieran ser <strong><b>menores de 14 a\u00f1os de edad<\/b><\/strong>, se reserva el derecho a solicitarle una copia de su DNI, o, en su caso, la autorizaci\u00f3n de su padre, madre o tutor\/a legal, causando su baja en caso de no acreditar el cumplimiento de este requisito o falta de respuesta.<\/p>\n<p>&nbsp;<\/p>\n<p>&nbsp;<\/p>\n<p>&nbsp;<\/p>\n<ol start=\"7\">\n<li><b><\/b><strong><b>Ejercicio de derechos<\/b><\/strong><\/li>\n<\/ol>\n<p>En todo momento el usuario\/a web podr\u00e1 modificar sus preferencias de env\u00edos comerciales, as\u00ed como ejercer sus derechos previstos en la normativa, mediante una comunicaci\u00f3n escrita dirigida a ANA GARCIA REY, a la direcci\u00f3n postal de C\/ Alfonso Rodr\u00edguez Castelao, 6, Bajo Izquierda- 15011 &#8211; A CORU\u00d1A,\u00a0\u00a0o v\u00eda email dirigido a info@psicologiaanagarciarey.com<\/p>\n<p>En ambos casos, el usuario\/a web deber\u00e1 acompa\u00f1ar una copia de su DNI, pasaporte o similar.<\/p>\n<ul>\n<li>ACCESO: Obtener confirmaci\u00f3n de si se est\u00e1n tratando sus datos.<\/li>\n<li>SUPRESI\u00d3N: Obtener la supresi\u00f3n de sus datos.<\/li>\n<li>RECTIFICACI\u00d3N: Modificar los datos inexactos, err\u00f3neos o incompletos.<\/li>\n<li>PORTABILIDAD: Recibir de\u00a0ANA GARCIA REYlos datos personales que le incumban y a transmitirlos a otro responsable del tratamiento.<\/li>\n<li>OPOSICI\u00d3N: Oponerse a que datos personales que le conciernan sean objeto de un tratamiento basado en el cumplimiento de finalidades de inter\u00e9s p\u00fablico, o de inter\u00e9s leg\u00edtimo para el responsable de tratamiento.<\/li>\n<li>LIMITACI\u00d3N DEL TRATAMIENTO: Obtener del responsable del tratamiento la limitaci\u00f3n del tratamiento de los datos.<\/li>\n<\/ul>\n<p>&nbsp;<\/p>\n<p>Tambi\u00e9n, puede usar los modelos y formularios que para el ejercicio de estos derechos pone a su disposici\u00f3n el portal de la AEPD.<\/p>\n<p>Y, si no desea recibir comunicaciones por correo electr\u00f3nico puede ejercer <strong><b>su derecho de cancelaci\u00f3n y oposici\u00f3n<\/b><\/strong>\u00a0solicitando su baja igualmente por correo ordinario o electr\u00f3nico, adem\u00e1s de a trav\u00e9s del enlace que tendr\u00e1 en cada correo electr\u00f3nico que reciba de ANA GARCIA REY<strong><b>.<\/b><\/strong><\/p>\n<p>&nbsp;<\/p>\n<ol start=\"8\">\n<li><b><\/b><strong><b>Actividad de tratamiento y \u00a0finalidad<\/b><\/strong><\/li>\n<\/ol>\n<p>ANA GARCIA REY recoge la informaci\u00f3n de cada cliente\/proveedor\/etc. para la prestaci\u00f3n de nuestro servicio de \u00a0orientaci\u00f3n y atenci\u00f3n psicol\u00f3gica<\/p>\n<p>Categor\u00edas de datos a los que se tiene acceso a trav\u00e9s de esta web:<\/p>\n<p>Datos identificativos: Nombre, email,<\/p>\n<ul>\n<li>Cesiones de datos del responsable de tratamiento:<\/li>\n<\/ul>\n<p>ANA GARCIA REY\u00a0informa a los usuarios\/as de la web de que sus datos personales <strong><b>no ser\u00e1n cedidos a terceras personas u organizaciones<\/b><\/strong>\u00a0excepto cuando la cesi\u00f3n de datos este amparada en una obligaci\u00f3n legal o cuando la prestaci\u00f3n del servicio implique la necesidad de una relaci\u00f3n contractual con proveedores de servicios encargados del tratamiento. En este \u00faltimo caso, solo se llevar\u00e1 a cabo la cesi\u00f3n de datos al tercero cuando ANA GARCIA REY\u00a0disponga del <strong><b>consentimiento expreso del usuario<\/b><\/strong>\u00a0y mantenga una relaci\u00f3n contractual con el encargado del tratamiento que garantice su confidencialidad y cumplimiento.<\/p>\n<p>&nbsp;<\/p>\n<p>ANA GARCIA REY\u00a0<strong><b>proh\u00edbe expresamente<\/b><\/strong>\u00a0al usuario de la web <strong><b>compartir, facilitar o ceder<\/b><\/strong>\u00a0datos de terceros, que pudiera obtener del contacto, interacci\u00f3n o realizaci\u00f3n de navegaci\u00f3n o consulta a trav\u00e9s de esta web, excepto si pudiera acreditar la expresa autorizaci\u00f3n del usuario\/a cuyos datos pretende ceder.<\/p>\n<p>&nbsp;<\/p>\n<p>Recordamos a cada persona que use esta \u00a0web que DATOS PERSONALES \u00a0tambi\u00e9n engloba a archivos de imagen de personas. La imagen personal es un dato protegido por la normativa (Art\u00edculo 5.1 del Reglamento de desarrollo de la LOPD). Por tanto, nadie podr\u00e1 utilizarla <strong><b>sin el consentimiento expreso<\/b><\/strong>\u00a0de la persona que aparece en ella.<\/p>\n<p>&nbsp;<\/p>\n<ol start=\"9\">\n<li><b><\/b><strong><b>Legislaci\u00f3n aplicable<\/b><\/strong><\/li>\n<\/ol>\n<p>La\u00a0<strong><b>pol\u00edtica de privacidad<\/b><\/strong>\u00a0de ANA GARCIA REY se rige por las siguientes normas:<\/p>\n<ul>\n<li>El\u00a0<a href=\"https:\/\/www.boe.es\/doue\/2016\/119\/L00001-00088.pdf\"><u>Reglamento (UE) 2016\/679 del Parlamento Europeo y del Consejo, de 27 de abril de 2016, relativo a la protecci\u00f3n de las personas f\u00edsicas en lo que respecta al tratamiento de datos personales y a la libre circulaci\u00f3n de estos datos<\/u><\/a>;<\/li>\n<li>La\u00a0<a href=\"https:\/\/www.boe.es\/buscar\/act.php?id=BOE-A-2002-13758\"><u>Ley 34\/2002, de 11 de julio, de Servicios de la Sociedad de la Informaci\u00f3n y de Comercio Electr\u00f3nico (LSSI-CE)<\/u><\/a>.<\/li>\n<li>La <a href=\"https:\/\/www.boe.es\/buscar\/doc.php?id=BOE-A-2018-16673\"><u>Ley Org\u00e1nica 3\/2018, de 5 de diciembre, de Protecci\u00f3n de Datos Personales y garant\u00eda de los derechos digitales<\/u><\/a>.<\/li>\n<\/ul>\n","protected":false},"excerpt":{"rendered":"<p>Datos Identificativos ANA GARCIA REY, titular del dominio web www\u00a0psicologiaanagarciarey.com \u00a0con domicilio a estos efectos en C\/ Alfonso Rodr\u00edguez Castelao, 6, Bajo Izquierda- 15011 &#8211; A CORU\u00d1A, n\u00famero de C.I.F.: 47363069C, y correo electr\u00f3nico de contacto: info@psicologiaanagarciarey.com Esta p\u00e1gina web est\u00e1 relacionada con mi actividad como Psic\u00f3loga General Sanitaria con n\u00ba col. G-6417 Protecci\u00f3n de [&hellip;]<\/p>\n","protected":false},"author":1,"featured_media":0,"parent":0,"menu_order":0,"comment_status":"closed","ping_status":"closed","template":"","meta":{"_et_pb_use_builder":"","_et_pb_old_content":"","_et_gb_content_width":"","_joinchat":[],"footnotes":""},"class_list":["post-1550","page","type-page","status-publish","hentry"],"yoast_head":"<!-- This site is optimized with the Yoast SEO plugin v27.5 - https:\/\/yoast.com\/product\/yoast-seo-wordpress\/ -->\n<title>Aviso Legal - Pol\u00edtica de Privacidad - Consulta de Psicolog\u00eda Ana Garc\u00eda Rey<\/title>\n<meta name=\"robots\" content=\"noindex, nofollow\" \/>\n<meta property=\"og:locale\" content=\"es_ES\" \/>\n<meta property=\"og:type\" content=\"article\" \/>\n<meta property=\"og:title\" content=\"Aviso Legal - Pol\u00edtica de Privacidad - Consulta de Psicolog\u00eda Ana Garc\u00eda Rey\" \/>\n<meta property=\"og:description\" content=\"Datos Identificativos ANA GARCIA REY, titular del dominio web www\u00a0psicologiaanagarciarey.com \u00a0con domicilio a estos efectos en C\/ Alfonso Rodr\u00edguez Castelao, 6, Bajo Izquierda- 15011 &#8211; A CORU\u00d1A, n\u00famero de C.I.F.: 47363069C, y correo electr\u00f3nico de contacto: info@psicologiaanagarciarey.com Esta p\u00e1gina web est\u00e1 relacionada con mi actividad como Psic\u00f3loga General Sanitaria con n\u00ba col. G-6417 Protecci\u00f3n de [&hellip;]\" \/>\n<meta property=\"og:url\" content=\"https:\/\/psicologiaanagarciarey.com\/index.php\/politica-de-privacidad\/\" \/>\n<meta property=\"og:site_name\" content=\"Consulta de Psicolog\u00eda Ana Garc\u00eda Rey\" \/>\n<meta property=\"article:modified_time\" content=\"2022-08-23T15:51:02+00:00\" \/>\n<meta name=\"twitter:card\" content=\"summary_large_image\" \/>\n<meta name=\"twitter:label1\" content=\"Tiempo de lectura\" \/>\n\t<meta name=\"twitter:data1\" content=\"7 minutos\" \/>\n<script type=\"application\/ld+json\" class=\"yoast-schema-graph\">{\"@context\":\"https:\\\/\\\/schema.org\",\"@graph\":[{\"@type\":\"WebPage\",\"@id\":\"https:\\\/\\\/psicologiaanagarciarey.com\\\/index.php\\\/politica-de-privacidad\\\/\",\"url\":\"https:\\\/\\\/psicologiaanagarciarey.com\\\/index.php\\\/politica-de-privacidad\\\/\",\"name\":\"Aviso Legal - Pol\u00edtica de Privacidad - Consulta de Psicolog\u00eda Ana Garc\u00eda Rey\",\"isPartOf\":{\"@id\":\"https:\\\/\\\/psicologiaanagarciarey.com\\\/#website\"},\"datePublished\":\"2021-07-21T15:35:24+00:00\",\"dateModified\":\"2022-08-23T15:51:02+00:00\",\"breadcrumb\":{\"@id\":\"https:\\\/\\\/psicologiaanagarciarey.com\\\/index.php\\\/politica-de-privacidad\\\/#breadcrumb\"},\"inLanguage\":\"es\",\"potentialAction\":[{\"@type\":\"ReadAction\",\"target\":[\"https:\\\/\\\/psicologiaanagarciarey.com\\\/index.php\\\/politica-de-privacidad\\\/\"]}]},{\"@type\":\"BreadcrumbList\",\"@id\":\"https:\\\/\\\/psicologiaanagarciarey.com\\\/index.php\\\/politica-de-privacidad\\\/#breadcrumb\",\"itemListElement\":[{\"@type\":\"ListItem\",\"position\":1,\"name\":\"Portada\",\"item\":\"https:\\\/\\\/psicologiaanagarciarey.com\\\/\"},{\"@type\":\"ListItem\",\"position\":2,\"name\":\"Aviso Legal &#8211; Pol\u00edtica de Privacidad\"}]},{\"@type\":\"WebSite\",\"@id\":\"https:\\\/\\\/psicologiaanagarciarey.com\\\/#website\",\"url\":\"https:\\\/\\\/psicologiaanagarciarey.com\\\/\",\"name\":\"Consulta de Psicolog\u00eda General Sanitaria Ana Garc\u00eda Rey\",\"description\":\"Terapia en A Coru\u00f1a\",\"publisher\":{\"@id\":\"https:\\\/\\\/psicologiaanagarciarey.com\\\/#\\\/schema\\\/person\\\/5107e05ee4f10b9f73f392f63a6ecd82\"},\"potentialAction\":[{\"@type\":\"SearchAction\",\"target\":{\"@type\":\"EntryPoint\",\"urlTemplate\":\"https:\\\/\\\/psicologiaanagarciarey.com\\\/?s={search_term_string}\"},\"query-input\":{\"@type\":\"PropertyValueSpecification\",\"valueRequired\":true,\"valueName\":\"search_term_string\"}}],\"inLanguage\":\"es\"},{\"@type\":[\"Person\",\"Organization\"],\"@id\":\"https:\\\/\\\/psicologiaanagarciarey.com\\\/#\\\/schema\\\/person\\\/5107e05ee4f10b9f73f392f63a6ecd82\",\"name\":\"Ana Garc\u00eda Rey\",\"image\":{\"@type\":\"ImageObject\",\"inLanguage\":\"es\",\"@id\":\"https:\\\/\\\/psicologiaanagarciarey.com\\\/wp-content\\\/uploads\\\/2022\\\/11\\\/WhatsApp-Image-2022-11-24-at-12.17.29-PM.jpeg\",\"url\":\"https:\\\/\\\/psicologiaanagarciarey.com\\\/wp-content\\\/uploads\\\/2022\\\/11\\\/WhatsApp-Image-2022-11-24-at-12.17.29-PM.jpeg\",\"contentUrl\":\"https:\\\/\\\/psicologiaanagarciarey.com\\\/wp-content\\\/uploads\\\/2022\\\/11\\\/WhatsApp-Image-2022-11-24-at-12.17.29-PM.jpeg\",\"width\":500,\"height\":500,\"caption\":\"Ana Garc\u00eda Rey\"},\"logo\":{\"@id\":\"https:\\\/\\\/psicologiaanagarciarey.com\\\/wp-content\\\/uploads\\\/2022\\\/11\\\/WhatsApp-Image-2022-11-24-at-12.17.29-PM.jpeg\"},\"sameAs\":[\"https:\\\/\\\/psicologiaanagarciarey.com\"]}]}<\/script>\n<!-- \/ Yoast SEO plugin. -->","yoast_head_json":{"title":"Aviso Legal - Pol\u00edtica de Privacidad - Consulta de Psicolog\u00eda Ana Garc\u00eda Rey","robots":{"index":"noindex","follow":"nofollow"},"og_locale":"es_ES","og_type":"article","og_title":"Aviso Legal - Pol\u00edtica de Privacidad - Consulta de Psicolog\u00eda Ana Garc\u00eda Rey","og_description":"Datos Identificativos ANA GARCIA REY, titular del dominio web www\u00a0psicologiaanagarciarey.com \u00a0con domicilio a estos efectos en C\/ Alfonso Rodr\u00edguez Castelao, 6, Bajo Izquierda- 15011 &#8211; A CORU\u00d1A, n\u00famero de C.I.F.: 47363069C, y correo electr\u00f3nico de contacto: info@psicologiaanagarciarey.com Esta p\u00e1gina web est\u00e1 relacionada con mi actividad como Psic\u00f3loga General Sanitaria con n\u00ba col. G-6417 Protecci\u00f3n de [&hellip;]","og_url":"https:\/\/psicologiaanagarciarey.com\/index.php\/politica-de-privacidad\/","og_site_name":"Consulta de Psicolog\u00eda Ana Garc\u00eda Rey","article_modified_time":"2022-08-23T15:51:02+00:00","twitter_card":"summary_large_image","twitter_misc":{"Tiempo de lectura":"7 minutos"},"schema":{"@context":"https:\/\/schema.org","@graph":[{"@type":"WebPage","@id":"https:\/\/psicologiaanagarciarey.com\/index.php\/politica-de-privacidad\/","url":"https:\/\/psicologiaanagarciarey.com\/index.php\/politica-de-privacidad\/","name":"Aviso Legal - Pol\u00edtica de Privacidad - Consulta de Psicolog\u00eda Ana Garc\u00eda Rey","isPartOf":{"@id":"https:\/\/psicologiaanagarciarey.com\/#website"},"datePublished":"2021-07-21T15:35:24+00:00","dateModified":"2022-08-23T15:51:02+00:00","breadcrumb":{"@id":"https:\/\/psicologiaanagarciarey.com\/index.php\/politica-de-privacidad\/#breadcrumb"},"inLanguage":"es","potentialAction":[{"@type":"ReadAction","target":["https:\/\/psicologiaanagarciarey.com\/index.php\/politica-de-privacidad\/"]}]},{"@type":"BreadcrumbList","@id":"https:\/\/psicologiaanagarciarey.com\/index.php\/politica-de-privacidad\/#breadcrumb","itemListElement":[{"@type":"ListItem","position":1,"name":"Portada","item":"https:\/\/psicologiaanagarciarey.com\/"},{"@type":"ListItem","position":2,"name":"Aviso Legal &#8211; Pol\u00edtica de Privacidad"}]},{"@type":"WebSite","@id":"https:\/\/psicologiaanagarciarey.com\/#website","url":"https:\/\/psicologiaanagarciarey.com\/","name":"Consulta de Psicolog\u00eda General Sanitaria Ana Garc\u00eda Rey","description":"Terapia en A Coru\u00f1a","publisher":{"@id":"https:\/\/psicologiaanagarciarey.com\/#\/schema\/person\/5107e05ee4f10b9f73f392f63a6ecd82"},"potentialAction":[{"@type":"SearchAction","target":{"@type":"EntryPoint","urlTemplate":"https:\/\/psicologiaanagarciarey.com\/?s={search_term_string}"},"query-input":{"@type":"PropertyValueSpecification","valueRequired":true,"valueName":"search_term_string"}}],"inLanguage":"es"},{"@type":["Person","Organization"],"@id":"https:\/\/psicologiaanagarciarey.com\/#\/schema\/person\/5107e05ee4f10b9f73f392f63a6ecd82","name":"Ana Garc\u00eda Rey","image":{"@type":"ImageObject","inLanguage":"es","@id":"https:\/\/psicologiaanagarciarey.com\/wp-content\/uploads\/2022\/11\/WhatsApp-Image-2022-11-24-at-12.17.29-PM.jpeg","url":"https:\/\/psicologiaanagarciarey.com\/wp-content\/uploads\/2022\/11\/WhatsApp-Image-2022-11-24-at-12.17.29-PM.jpeg","contentUrl":"https:\/\/psicologiaanagarciarey.com\/wp-content\/uploads\/2022\/11\/WhatsApp-Image-2022-11-24-at-12.17.29-PM.jpeg","width":500,"height":500,"caption":"Ana Garc\u00eda Rey"},"logo":{"@id":"https:\/\/psicologiaanagarciarey.com\/wp-content\/uploads\/2022\/11\/WhatsApp-Image-2022-11-24-at-12.17.29-PM.jpeg"},"sameAs":["https:\/\/psicologiaanagarciarey.com"]}]}},"_links":{"self":[{"href":"https:\/\/psicologiaanagarciarey.com\/index.php\/wp-json\/wp\/v2\/pages\/1550","targetHints":{"allow":["GET"]}}],"collection":[{"href":"https:\/\/psicologiaanagarciarey.com\/index.php\/wp-json\/wp\/v2\/pages"}],"about":[{"href":"https:\/\/psicologiaanagarciarey.com\/index.php\/wp-json\/wp\/v2\/types\/page"}],"author":[{"embeddable":true,"href":"https:\/\/psicologiaanagarciarey.com\/index.php\/wp-json\/wp\/v2\/users\/1"}],"replies":[{"embeddable":true,"href":"https:\/\/psicologiaanagarciarey.com\/index.php\/wp-json\/wp\/v2\/comments?post=1550"}],"version-history":[{"count":3,"href":"https:\/\/psicologiaanagarciarey.com\/index.php\/wp-json\/wp\/v2\/pages\/1550\/revisions"}],"predecessor-version":[{"id":1560,"href":"https:\/\/psicologiaanagarciarey.com\/index.php\/wp-json\/wp\/v2\/pages\/1550\/revisions\/1560"}],"wp:attachment":[{"href":"https:\/\/psicologiaanagarciarey.com\/index.php\/wp-json\/wp\/v2\/media?parent=1550"}],"curies":[{"name":"wp","href":"https:\/\/api.w.org\/{rel}","templated":true}]}}