{"id":1247,"date":"2021-07-14T16:38:53","date_gmt":"2021-07-14T16:38:53","guid":{"rendered":"https:\/\/psicologiaanagarciarey.com\/index.php\/politica-de-cookies\/"},"modified":"2022-08-23T15:51:23","modified_gmt":"2022-08-23T15:51:23","slug":"politica-de-cookies","status":"publish","type":"page","link":"https:\/\/psicologiaanagarciarey.com\/index.php\/politica-de-cookies\/","title":{"rendered":"Pol\u00edtica de cookies"},"content":{"rendered":"<p>Una Cookie\u00a0es un fichero que se descarga en su ordenador al acceder a determinadas p\u00e1ginas web u otros servicios inform\u00e1ticos.<\/p>\n<p>Desde esta p\u00e1gina web no recogemos ni tratamos datos de car\u00e1cter personal de los usuarios \u00a0a trav\u00e9s de las Cookies.<\/p>\n<p>En todo caso las cookies que utilizamos o podemos utilizar son las siguientes:<\/p>\n<ul>\n<li>Cookies de \u201centrada del usuario\u201d<\/li>\n<li>Cookies de autenticaci\u00f3n o identificaci\u00f3n de usuarios (\u00fanicamente de sesi\u00f3n)<\/li>\n<li>Cookies de seguridad del usuario<\/li>\n<li>Cookies de sesi\u00f3n para equilibrar la carga<\/li>\n<li>Cookies de personalizaci\u00f3n de la interfaz de usuario<\/li>\n<li>Determinados cookies de complemente (plug-in) para intercambiar contenido sociales<\/li>\n<\/ul>\n<p>Estas Cookies no tienen como finalidad recoger ni tratar datos personales de los usuarios ya que solo son necesarias para el correcto desarrollo de las funcionalidades de la p\u00e1gina web. Por tanto, no realizamos cesiones de datos personales.<\/p>\n<p>ANA GARCIA REY se reserva el derecho de modificar esta pol\u00edtica de cookies si se realizan cambios en la configuraci\u00f3n y \/o uso de las mismas que ser\u00e1 publicada en esta misma p\u00e1gina web.<\/p>\n<p>Si desea m\u00e1s informaci\u00f3n sobre la protecci\u00f3n de datos puede acudir a nuestra Pol\u00edtica de Privacidad o contactar con nosotros a trav\u00e9s del email: info@psicologiaanagarciarey.com<\/p>\n<p>Julio 2021<\/p>\n","protected":false},"excerpt":{"rendered":"<p>Una Cookie\u00a0es un fichero que se descarga en su ordenador al acceder a determinadas p\u00e1ginas web u otros servicios inform\u00e1ticos. Desde esta p\u00e1gina web no recogemos ni tratamos datos de car\u00e1cter personal de los usuarios \u00a0a trav\u00e9s de las Cookies. En todo caso las cookies que utilizamos o podemos utilizar son las siguientes: Cookies de [&hellip;]<\/p>\n","protected":false},"author":1,"featured_media":0,"parent":0,"menu_order":0,"comment_status":"closed","ping_status":"closed","template":"","meta":{"_et_pb_use_builder":"","_et_pb_old_content":"","_et_gb_content_width":"","_joinchat":[],"footnotes":""},"class_list":["post-1247","page","type-page","status-publish","hentry"],"yoast_head":"<!-- This site is optimized with the Yoast SEO plugin v27.4 - https:\/\/yoast.com\/product\/yoast-seo-wordpress\/ -->\n<title>Pol\u00edtica de cookies - Consulta de Psicolog\u00eda Ana Garc\u00eda Rey<\/title>\n<meta name=\"robots\" content=\"noindex, nofollow\" \/>\n<meta property=\"og:locale\" content=\"es_ES\" \/>\n<meta property=\"og:type\" content=\"article\" \/>\n<meta property=\"og:title\" content=\"Pol\u00edtica de cookies - Consulta de Psicolog\u00eda Ana Garc\u00eda Rey\" \/>\n<meta property=\"og:description\" content=\"Una Cookie\u00a0es un fichero que se descarga en su ordenador al acceder a determinadas p\u00e1ginas web u otros servicios inform\u00e1ticos. Desde esta p\u00e1gina web no recogemos ni tratamos datos de car\u00e1cter personal de los usuarios \u00a0a trav\u00e9s de las Cookies. En todo caso las cookies que utilizamos o podemos utilizar son las siguientes: Cookies de [&hellip;]\" \/>\n<meta property=\"og:url\" content=\"https:\/\/psicologiaanagarciarey.com\/index.php\/politica-de-cookies\/\" \/>\n<meta property=\"og:site_name\" content=\"Consulta de Psicolog\u00eda Ana Garc\u00eda Rey\" \/>\n<meta property=\"article:modified_time\" content=\"2022-08-23T15:51:23+00:00\" \/>\n<meta name=\"twitter:card\" content=\"summary_large_image\" \/>\n<meta name=\"twitter:label1\" content=\"Tiempo de lectura\" \/>\n\t<meta name=\"twitter:data1\" content=\"1 minuto\" \/>\n<script type=\"application\/ld+json\" class=\"yoast-schema-graph\">{\"@context\":\"https:\\\/\\\/schema.org\",\"@graph\":[{\"@type\":\"WebPage\",\"@id\":\"https:\\\/\\\/psicologiaanagarciarey.com\\\/index.php\\\/politica-de-cookies\\\/\",\"url\":\"https:\\\/\\\/psicologiaanagarciarey.com\\\/index.php\\\/politica-de-cookies\\\/\",\"name\":\"Pol\u00edtica de cookies - Consulta de Psicolog\u00eda Ana Garc\u00eda Rey\",\"isPartOf\":{\"@id\":\"https:\\\/\\\/psicologiaanagarciarey.com\\\/#website\"},\"datePublished\":\"2021-07-14T16:38:53+00:00\",\"dateModified\":\"2022-08-23T15:51:23+00:00\",\"breadcrumb\":{\"@id\":\"https:\\\/\\\/psicologiaanagarciarey.com\\\/index.php\\\/politica-de-cookies\\\/#breadcrumb\"},\"inLanguage\":\"es\",\"potentialAction\":[{\"@type\":\"ReadAction\",\"target\":[\"https:\\\/\\\/psicologiaanagarciarey.com\\\/index.php\\\/politica-de-cookies\\\/\"]}]},{\"@type\":\"BreadcrumbList\",\"@id\":\"https:\\\/\\\/psicologiaanagarciarey.com\\\/index.php\\\/politica-de-cookies\\\/#breadcrumb\",\"itemListElement\":[{\"@type\":\"ListItem\",\"position\":1,\"name\":\"Portada\",\"item\":\"https:\\\/\\\/psicologiaanagarciarey.com\\\/\"},{\"@type\":\"ListItem\",\"position\":2,\"name\":\"Pol\u00edtica de cookies\"}]},{\"@type\":\"WebSite\",\"@id\":\"https:\\\/\\\/psicologiaanagarciarey.com\\\/#website\",\"url\":\"https:\\\/\\\/psicologiaanagarciarey.com\\\/\",\"name\":\"Consulta de Psicolog\u00eda General Sanitaria Ana Garc\u00eda Rey\",\"description\":\"Terapia en A Coru\u00f1a\",\"publisher\":{\"@id\":\"https:\\\/\\\/psicologiaanagarciarey.com\\\/#\\\/schema\\\/person\\\/5107e05ee4f10b9f73f392f63a6ecd82\"},\"potentialAction\":[{\"@type\":\"SearchAction\",\"target\":{\"@type\":\"EntryPoint\",\"urlTemplate\":\"https:\\\/\\\/psicologiaanagarciarey.com\\\/?s={search_term_string}\"},\"query-input\":{\"@type\":\"PropertyValueSpecification\",\"valueRequired\":true,\"valueName\":\"search_term_string\"}}],\"inLanguage\":\"es\"},{\"@type\":[\"Person\",\"Organization\"],\"@id\":\"https:\\\/\\\/psicologiaanagarciarey.com\\\/#\\\/schema\\\/person\\\/5107e05ee4f10b9f73f392f63a6ecd82\",\"name\":\"Ana Garc\u00eda Rey\",\"image\":{\"@type\":\"ImageObject\",\"inLanguage\":\"es\",\"@id\":\"https:\\\/\\\/psicologiaanagarciarey.com\\\/wp-content\\\/uploads\\\/2022\\\/11\\\/WhatsApp-Image-2022-11-24-at-12.17.29-PM.jpeg\",\"url\":\"https:\\\/\\\/psicologiaanagarciarey.com\\\/wp-content\\\/uploads\\\/2022\\\/11\\\/WhatsApp-Image-2022-11-24-at-12.17.29-PM.jpeg\",\"contentUrl\":\"https:\\\/\\\/psicologiaanagarciarey.com\\\/wp-content\\\/uploads\\\/2022\\\/11\\\/WhatsApp-Image-2022-11-24-at-12.17.29-PM.jpeg\",\"width\":500,\"height\":500,\"caption\":\"Ana Garc\u00eda Rey\"},\"logo\":{\"@id\":\"https:\\\/\\\/psicologiaanagarciarey.com\\\/wp-content\\\/uploads\\\/2022\\\/11\\\/WhatsApp-Image-2022-11-24-at-12.17.29-PM.jpeg\"},\"sameAs\":[\"https:\\\/\\\/psicologiaanagarciarey.com\"]}]}<\/script>\n<!-- \/ Yoast SEO plugin. -->","yoast_head_json":{"title":"Pol\u00edtica de cookies - Consulta de Psicolog\u00eda Ana Garc\u00eda Rey","robots":{"index":"noindex","follow":"nofollow"},"og_locale":"es_ES","og_type":"article","og_title":"Pol\u00edtica de cookies - Consulta de Psicolog\u00eda Ana Garc\u00eda Rey","og_description":"Una Cookie\u00a0es un fichero que se descarga en su ordenador al acceder a determinadas p\u00e1ginas web u otros servicios inform\u00e1ticos. Desde esta p\u00e1gina web no recogemos ni tratamos datos de car\u00e1cter personal de los usuarios \u00a0a trav\u00e9s de las Cookies. En todo caso las cookies que utilizamos o podemos utilizar son las siguientes: Cookies de [&hellip;]","og_url":"https:\/\/psicologiaanagarciarey.com\/index.php\/politica-de-cookies\/","og_site_name":"Consulta de Psicolog\u00eda Ana Garc\u00eda Rey","article_modified_time":"2022-08-23T15:51:23+00:00","twitter_card":"summary_large_image","twitter_misc":{"Tiempo de lectura":"1 minuto"},"schema":{"@context":"https:\/\/schema.org","@graph":[{"@type":"WebPage","@id":"https:\/\/psicologiaanagarciarey.com\/index.php\/politica-de-cookies\/","url":"https:\/\/psicologiaanagarciarey.com\/index.php\/politica-de-cookies\/","name":"Pol\u00edtica de cookies - Consulta de Psicolog\u00eda Ana Garc\u00eda Rey","isPartOf":{"@id":"https:\/\/psicologiaanagarciarey.com\/#website"},"datePublished":"2021-07-14T16:38:53+00:00","dateModified":"2022-08-23T15:51:23+00:00","breadcrumb":{"@id":"https:\/\/psicologiaanagarciarey.com\/index.php\/politica-de-cookies\/#breadcrumb"},"inLanguage":"es","potentialAction":[{"@type":"ReadAction","target":["https:\/\/psicologiaanagarciarey.com\/index.php\/politica-de-cookies\/"]}]},{"@type":"BreadcrumbList","@id":"https:\/\/psicologiaanagarciarey.com\/index.php\/politica-de-cookies\/#breadcrumb","itemListElement":[{"@type":"ListItem","position":1,"name":"Portada","item":"https:\/\/psicologiaanagarciarey.com\/"},{"@type":"ListItem","position":2,"name":"Pol\u00edtica de cookies"}]},{"@type":"WebSite","@id":"https:\/\/psicologiaanagarciarey.com\/#website","url":"https:\/\/psicologiaanagarciarey.com\/","name":"Consulta de Psicolog\u00eda General Sanitaria Ana Garc\u00eda Rey","description":"Terapia en A Coru\u00f1a","publisher":{"@id":"https:\/\/psicologiaanagarciarey.com\/#\/schema\/person\/5107e05ee4f10b9f73f392f63a6ecd82"},"potentialAction":[{"@type":"SearchAction","target":{"@type":"EntryPoint","urlTemplate":"https:\/\/psicologiaanagarciarey.com\/?s={search_term_string}"},"query-input":{"@type":"PropertyValueSpecification","valueRequired":true,"valueName":"search_term_string"}}],"inLanguage":"es"},{"@type":["Person","Organization"],"@id":"https:\/\/psicologiaanagarciarey.com\/#\/schema\/person\/5107e05ee4f10b9f73f392f63a6ecd82","name":"Ana Garc\u00eda Rey","image":{"@type":"ImageObject","inLanguage":"es","@id":"https:\/\/psicologiaanagarciarey.com\/wp-content\/uploads\/2022\/11\/WhatsApp-Image-2022-11-24-at-12.17.29-PM.jpeg","url":"https:\/\/psicologiaanagarciarey.com\/wp-content\/uploads\/2022\/11\/WhatsApp-Image-2022-11-24-at-12.17.29-PM.jpeg","contentUrl":"https:\/\/psicologiaanagarciarey.com\/wp-content\/uploads\/2022\/11\/WhatsApp-Image-2022-11-24-at-12.17.29-PM.jpeg","width":500,"height":500,"caption":"Ana Garc\u00eda Rey"},"logo":{"@id":"https:\/\/psicologiaanagarciarey.com\/wp-content\/uploads\/2022\/11\/WhatsApp-Image-2022-11-24-at-12.17.29-PM.jpeg"},"sameAs":["https:\/\/psicologiaanagarciarey.com"]}]}},"_links":{"self":[{"href":"https:\/\/psicologiaanagarciarey.com\/index.php\/wp-json\/wp\/v2\/pages\/1247","targetHints":{"allow":["GET"]}}],"collection":[{"href":"https:\/\/psicologiaanagarciarey.com\/index.php\/wp-json\/wp\/v2\/pages"}],"about":[{"href":"https:\/\/psicologiaanagarciarey.com\/index.php\/wp-json\/wp\/v2\/types\/page"}],"author":[{"embeddable":true,"href":"https:\/\/psicologiaanagarciarey.com\/index.php\/wp-json\/wp\/v2\/users\/1"}],"replies":[{"embeddable":true,"href":"https:\/\/psicologiaanagarciarey.com\/index.php\/wp-json\/wp\/v2\/comments?post=1247"}],"version-history":[{"count":2,"href":"https:\/\/psicologiaanagarciarey.com\/index.php\/wp-json\/wp\/v2\/pages\/1247\/revisions"}],"predecessor-version":[{"id":1561,"href":"https:\/\/psicologiaanagarciarey.com\/index.php\/wp-json\/wp\/v2\/pages\/1247\/revisions\/1561"}],"wp:attachment":[{"href":"https:\/\/psicologiaanagarciarey.com\/index.php\/wp-json\/wp\/v2\/media?parent=1247"}],"curies":[{"name":"wp","href":"https:\/\/api.w.org\/{rel}","templated":true}]}}